{"id":228,"date":"2019-06-12T07:44:45","date_gmt":"2019-06-12T07:44:45","guid":{"rendered":"https:\/\/themes.getmotopress.com\/luviana\/?page_id=228"},"modified":"2024-12-28T18:42:03","modified_gmt":"2024-12-28T18:42:03","slug":"about-luviana","status":"publish","type":"page","link":"https:\/\/figurasmagicas.com\/index.php\/about-luviana\/","title":{"rendered":"Sobre o Figuras M\u00e1gicas"},"content":{"rendered":"\n<div class=\"wp-block-getwid-section alignfull alignfull getwid-margin-top-none getwid-margin-bottom-none\"><div class=\"wp-block-getwid-section__wrapper getwid-padding-top-none getwid-padding-bottom-none getwid-padding-left-medium getwid-padding-right-medium getwid-padding-mobile-left-small getwid-padding-mobile-right-small\"><div class=\"wp-block-getwid-section__inner-wrapper\"><div class=\"wp-block-getwid-section__background-holder\"><div class=\"wp-block-getwid-section__background\"><\/div><div class=\"wp-block-getwid-section__foreground\"><\/div><\/div><div class=\"wp-block-getwid-section__content\"><div class=\"wp-block-getwid-section__inner-content\">\n<div class=\"wp-block-columns has-2-columns is-layout-flex wp-container-core-columns-is-layout-1 wp-block-columns-is-layout-flex\">\n<div class=\"wp-block-column is-layout-flow wp-block-column-is-layout-flow\">\n<div class=\"wp-block-getwid-advanced-heading is-style-style-1 has-custom-font-size\" style=\"font-size:12px;margin-bottom:0px\"><p class=\"wp-block-getwid-advanced-heading__content\" style=\"letter-spacing:0.1em\">ELEVAR O CONFORTO AO MAIS ALTO N\u00cdVEL<\/p><\/div>\n\n\n\n<div class=\"wp-block-getwid-advanced-heading is-style-default\" style=\"margin-top:10px\"><h2 class=\"wp-block-getwid-advanced-heading__content\">Bem Vindo ao Figuras M\u00e1gicas <\/h2><\/div>\n<\/div>\n\n\n\n<div class=\"wp-block-column is-layout-flow wp-block-column-is-layout-flow\">\n<p>Um espa\u00e7o acolhedor num local apraz\u00edvel, propicio ao repouso e \u00e0 medita\u00e7\u00e3o, em terra de sonho, apoiada numa paisagem de planalto, com o enquadramento de um castelo medieval e uma cidade rodeada por muralhas. \u00c9 uma paisagem deslumbrante, pode crer: deslumbrantes horizontes; amenissimas sombras; igrejas, monumentos e um tra\u00e7ado urbano de outras \u00e9pocas amenizado com flores.<br>\u00c9 aqui, precisamente aqui, em Trancoso, que espera o viajante, venha de onde vier e para onde for, o empreendimento tur\u00edstico &#8220;Figuras M\u00e1gicas&#8221;.<br>S\u00e3o 15 quartos, devidamente mobilados, equipados com cama de casal ou 2 camas individuais , casa de banho privativa e TV.<br>Deixe-se envolver pela hist\u00f3ria, percorra a mem\u00f3ria das Figuras M\u00e1gicas Trancosanas, cuja magia est\u00e1 para al\u00e9m dos s\u00e9culos, e repouse em sono embalador num destes aposentos\u2026.<\/p>\n<\/div>\n<\/div>\n<\/div><\/div><\/div><\/div><\/div>\n\n\n\n<div class=\"wp-block-getwid-section alignfull alignfull getwid-margin-top-none getwid-margin-bottom-none\"><div class=\"wp-block-getwid-section__wrapper getwid-padding-top-normal getwid-padding-bottom-normal getwid-padding-left-medium getwid-padding-right-medium getwid-padding-mobile-left-small getwid-padding-mobile-right-small\"><div class=\"wp-block-getwid-section__inner-wrapper\"><div class=\"wp-block-getwid-section__background-holder\"><div class=\"wp-block-getwid-section__background\"><\/div><div class=\"wp-block-getwid-section__foreground\"><\/div><\/div><div class=\"wp-block-getwid-section__content\"><div class=\"wp-block-getwid-section__inner-content\">\n<div class=\"wp-block-columns has-2-columns is-layout-flex wp-container-core-columns-is-layout-2 wp-block-columns-is-layout-flex\">\n<div class=\"wp-block-column is-layout-flow wp-block-column-is-layout-flow\">\n<figure class=\"wp-block-image size-large\"><img loading=\"lazy\" decoding=\"async\" width=\"683\" height=\"1024\" src=\"https:\/\/figurasmagicas.com\/wp-content\/uploads\/2024\/12\/63A0748-683x1024.jpg\" alt=\"\" class=\"wp-image-1298\" srcset=\"https:\/\/figurasmagicas.com\/wp-content\/uploads\/2024\/12\/63A0748-683x1024.jpg 683w, https:\/\/figurasmagicas.com\/wp-content\/uploads\/2024\/12\/63A0748-200x300.jpg 200w, https:\/\/figurasmagicas.com\/wp-content\/uploads\/2024\/12\/63A0748-768x1152.jpg 768w, https:\/\/figurasmagicas.com\/wp-content\/uploads\/2024\/12\/63A0748-1024x1536.jpg 1024w, https:\/\/figurasmagicas.com\/wp-content\/uploads\/2024\/12\/63A0748-1365x2048.jpg 1365w, https:\/\/figurasmagicas.com\/wp-content\/uploads\/2024\/12\/63A0748-1170x1755.jpg 1170w, https:\/\/figurasmagicas.com\/wp-content\/uploads\/2024\/12\/63A0748-scaled.jpg 1707w\" sizes=\"(max-width: 683px) 100vw, 683px\" \/><\/figure>\n<\/div>\n\n\n\n<div class=\"wp-block-column is-layout-flow wp-block-column-is-layout-flow\">\n<figure class=\"wp-block-image size-large\"><img loading=\"lazy\" decoding=\"async\" width=\"683\" height=\"1024\" src=\"https:\/\/figurasmagicas.com\/wp-content\/uploads\/2024\/12\/63A0988-683x1024.jpg\" alt=\"\" class=\"wp-image-1674\" srcset=\"https:\/\/figurasmagicas.com\/wp-content\/uploads\/2024\/12\/63A0988-683x1024.jpg 683w, https:\/\/figurasmagicas.com\/wp-content\/uploads\/2024\/12\/63A0988-200x300.jpg 200w, https:\/\/figurasmagicas.com\/wp-content\/uploads\/2024\/12\/63A0988-768x1152.jpg 768w, https:\/\/figurasmagicas.com\/wp-content\/uploads\/2024\/12\/63A0988-1024x1536.jpg 1024w, https:\/\/figurasmagicas.com\/wp-content\/uploads\/2024\/12\/63A0988-1365x2048.jpg 1365w, https:\/\/figurasmagicas.com\/wp-content\/uploads\/2024\/12\/63A0988-1170x1755.jpg 1170w, https:\/\/figurasmagicas.com\/wp-content\/uploads\/2024\/12\/63A0988-scaled.jpg 1707w\" sizes=\"(max-width: 683px) 100vw, 683px\" \/><\/figure>\n<\/div>\n<\/div>\n<\/div><\/div><\/div><\/div><\/div>\n\n\n\n<div class=\"wp-block-getwid-section alignfull alignfull getwid-margin-top-none getwid-margin-bottom-none\"><div class=\"wp-block-getwid-section__wrapper getwid-padding-top-none getwid-padding-bottom-none getwid-padding-left-medium getwid-padding-right-medium getwid-padding-mobile-left-small getwid-padding-mobile-right-small\"><div class=\"wp-block-getwid-section__inner-wrapper\"><div class=\"wp-block-getwid-section__background-holder\"><div class=\"wp-block-getwid-section__background\"><\/div><div class=\"wp-block-getwid-section__foreground\"><\/div><\/div><div class=\"wp-block-getwid-section__content\"><div class=\"wp-block-getwid-section__inner-content\">\n<div class=\"wp-block-columns has-2-columns is-layout-flex wp-container-core-columns-is-layout-3 wp-block-columns-is-layout-flex\">\n<div class=\"wp-block-column is-layout-flow wp-block-column-is-layout-flow\">\n<div class=\"wp-block-getwid-advanced-heading is-style-style-1 has-custom-font-size\" style=\"font-size:12px;margin-bottom:0px\"><p class=\"wp-block-getwid-advanced-heading__content\" style=\"letter-spacing:0.1em\">DESCUBRA O CHARME DO FIGURAS M\u00c1GICAS<\/p><\/div>\n\n\n\n<div class=\"wp-block-getwid-advanced-heading is-style-default\" style=\"margin-top:10px\"><h2 class=\"wp-block-getwid-advanced-heading__content\">Quartos &amp; Suites<\/h2><\/div>\n<\/div>\n\n\n\n<div class=\"wp-block-column is-layout-flow wp-block-column-is-layout-flow\">\n<p>Os quartos do Alojamento Local Figuras M\u00e1gicas est\u00e3o distribu\u00eddos pela cave, r\u00e9s-do-ch\u00e3o, primeiro e segundo andares de uma charmosa casa na aldeia hist\u00f3rica de Trancoso. No \u00faltimo andar, o alojamento conta com 2 kitchenettes funcionais, ideais para preparar as suas refei\u00e7\u00f5es e desfrutar do conforto de um espa\u00e7o acolhedor. Uma ch\u00e1vena de ch\u00e1 ou caf\u00e9, o livro favorito \u00e0 m\u00e3o e a tranquilidade deste cen\u00e1rio \u00fanico \u2013 \u00e9 tudo o que precisa para relaxar e viver momentos inesquec\u00edveis na sua estadia em Trancoso.<\/p>\n<\/div>\n<\/div>\n<\/div><\/div><\/div><\/div><\/div>\n\n\n\n<div class=\"wp-block-getwid-section alignfull alignfull getwid-margin-top-none getwid-margin-bottom-none\"><div class=\"wp-block-getwid-section__wrapper getwid-padding-top-normal getwid-padding-bottom-normal getwid-padding-left-medium getwid-padding-right-medium getwid-padding-mobile-left-small getwid-padding-mobile-right-small\"><div class=\"wp-block-getwid-section__inner-wrapper\"><div class=\"wp-block-getwid-section__background-holder\"><div class=\"wp-block-getwid-section__background\"><\/div><div class=\"wp-block-getwid-section__foreground\"><\/div><\/div><div class=\"wp-block-getwid-section__content\"><div class=\"wp-block-getwid-section__inner-content\">\n<div class=\"wp-block-columns has-2-columns is-layout-flex wp-container-core-columns-is-layout-4 wp-block-columns-is-layout-flex\">\n<div class=\"wp-block-column is-layout-flow wp-block-column-is-layout-flow\">\n<div class=\"wp-block-getwid-images-stack is-layout-zeta\"><div class=\"wp-block-getwid-images-stack__wrapper\"><div class=\"wp-block-getwid-images-stack__chunk\"><div class=\"wp-block-getwid-images-stack__media-wrapper\"><div class=\"wp-block-getwid-images-stack__media-inner-wrapper\"><img loading=\"lazy\" decoding=\"async\" width=\"1707\" height=\"2560\" class=\"wp-block-getwid-images-stack__media wp-image-1406\" src=\"https:\/\/figurasmagicas.com\/wp-content\/uploads\/2024\/12\/63A0850-scaled.jpg\" data-id=\"1406\" data-link=\"https:\/\/figurasmagicas.com\/_63a0850\/\" srcset=\"https:\/\/figurasmagicas.com\/wp-content\/uploads\/2024\/12\/63A0850-scaled.jpg 1707w, https:\/\/figurasmagicas.com\/wp-content\/uploads\/2024\/12\/63A0850-200x300.jpg 200w, https:\/\/figurasmagicas.com\/wp-content\/uploads\/2024\/12\/63A0850-683x1024.jpg 683w, https:\/\/figurasmagicas.com\/wp-content\/uploads\/2024\/12\/63A0850-768x1152.jpg 768w, https:\/\/figurasmagicas.com\/wp-content\/uploads\/2024\/12\/63A0850-1024x1536.jpg 1024w, https:\/\/figurasmagicas.com\/wp-content\/uploads\/2024\/12\/63A0850-1365x2048.jpg 1365w, https:\/\/figurasmagicas.com\/wp-content\/uploads\/2024\/12\/63A0850-1170x1755.jpg 1170w\" sizes=\"(max-width: 1707px) 100vw, 1707px\" \/><\/div><\/div><div class=\"wp-block-getwid-images-stack__media-wrapper\"><div class=\"wp-block-getwid-images-stack__media-inner-wrapper\"><img loading=\"lazy\" decoding=\"async\" width=\"2560\" height=\"1707\" class=\"wp-block-getwid-images-stack__media wp-image-1586\" src=\"https:\/\/figurasmagicas.com\/wp-content\/uploads\/2024\/12\/63A0903-scaled.jpg\" data-id=\"1586\" data-link=\"https:\/\/figurasmagicas.com\/index.php\/home\/figurasmagicas\/_63a0903\/\" srcset=\"https:\/\/figurasmagicas.com\/wp-content\/uploads\/2024\/12\/63A0903-scaled.jpg 2560w, https:\/\/figurasmagicas.com\/wp-content\/uploads\/2024\/12\/63A0903-300x200.jpg 300w, https:\/\/figurasmagicas.com\/wp-content\/uploads\/2024\/12\/63A0903-1024x683.jpg 1024w, https:\/\/figurasmagicas.com\/wp-content\/uploads\/2024\/12\/63A0903-768x512.jpg 768w, https:\/\/figurasmagicas.com\/wp-content\/uploads\/2024\/12\/63A0903-1536x1024.jpg 1536w, https:\/\/figurasmagicas.com\/wp-content\/uploads\/2024\/12\/63A0903-2048x1365.jpg 2048w, https:\/\/figurasmagicas.com\/wp-content\/uploads\/2024\/12\/63A0903-1170x780.jpg 1170w\" sizes=\"(max-width: 2560px) 100vw, 2560px\" \/><\/div><\/div><div class=\"wp-block-getwid-images-stack__media-wrapper\"><div class=\"wp-block-getwid-images-stack__media-inner-wrapper\"><img loading=\"lazy\" decoding=\"async\" width=\"2560\" height=\"1707\" class=\"wp-block-getwid-images-stack__media wp-image-1376\" src=\"https:\/\/figurasmagicas.com\/wp-content\/uploads\/2024\/12\/63A0825-scaled.jpg\" data-id=\"1376\" data-link=\"https:\/\/figurasmagicas.com\/_63a0825\/\" srcset=\"https:\/\/figurasmagicas.com\/wp-content\/uploads\/2024\/12\/63A0825-scaled.jpg 2560w, https:\/\/figurasmagicas.com\/wp-content\/uploads\/2024\/12\/63A0825-300x200.jpg 300w, https:\/\/figurasmagicas.com\/wp-content\/uploads\/2024\/12\/63A0825-1024x683.jpg 1024w, https:\/\/figurasmagicas.com\/wp-content\/uploads\/2024\/12\/63A0825-768x512.jpg 768w, https:\/\/figurasmagicas.com\/wp-content\/uploads\/2024\/12\/63A0825-1536x1024.jpg 1536w, https:\/\/figurasmagicas.com\/wp-content\/uploads\/2024\/12\/63A0825-2048x1365.jpg 2048w, https:\/\/figurasmagicas.com\/wp-content\/uploads\/2024\/12\/63A0825-1170x780.jpg 1170w\" sizes=\"(max-width: 2560px) 100vw, 2560px\" \/><\/div><\/div><\/div><\/div><\/div>\n<\/div>\n\n\n\n<div class=\"wp-block-column is-layout-flow wp-block-column-is-layout-flow\">\n<div class=\"wp-block-getwid-images-stack\"><div class=\"wp-block-getwid-images-stack__wrapper\"><div class=\"wp-block-getwid-images-stack__chunk\"><div class=\"wp-block-getwid-images-stack__media-wrapper\"><div class=\"wp-block-getwid-images-stack__media-inner-wrapper\"><img loading=\"lazy\" decoding=\"async\" width=\"1707\" height=\"2560\" class=\"wp-block-getwid-images-stack__media wp-image-1365\" src=\"https:\/\/figurasmagicas.com\/wp-content\/uploads\/2024\/12\/63A0814-scaled.jpg\" data-id=\"1365\" data-link=\"https:\/\/figurasmagicas.com\/_63a0814\/\" srcset=\"https:\/\/figurasmagicas.com\/wp-content\/uploads\/2024\/12\/63A0814-scaled.jpg 1707w, https:\/\/figurasmagicas.com\/wp-content\/uploads\/2024\/12\/63A0814-200x300.jpg 200w, https:\/\/figurasmagicas.com\/wp-content\/uploads\/2024\/12\/63A0814-683x1024.jpg 683w, https:\/\/figurasmagicas.com\/wp-content\/uploads\/2024\/12\/63A0814-768x1152.jpg 768w, https:\/\/figurasmagicas.com\/wp-content\/uploads\/2024\/12\/63A0814-1024x1536.jpg 1024w, https:\/\/figurasmagicas.com\/wp-content\/uploads\/2024\/12\/63A0814-1365x2048.jpg 1365w, https:\/\/figurasmagicas.com\/wp-content\/uploads\/2024\/12\/63A0814-1170x1755.jpg 1170w\" sizes=\"(max-width: 1707px) 100vw, 1707px\" \/><\/div><\/div><div class=\"wp-block-getwid-images-stack__media-wrapper\"><div class=\"wp-block-getwid-images-stack__media-inner-wrapper\"><img loading=\"lazy\" decoding=\"async\" width=\"2560\" height=\"1707\" class=\"wp-block-getwid-images-stack__media wp-image-1360\" src=\"https:\/\/figurasmagicas.com\/wp-content\/uploads\/2024\/12\/63A0809-scaled.jpg\" data-id=\"1360\" data-link=\"https:\/\/figurasmagicas.com\/_63a0809\/\" srcset=\"https:\/\/figurasmagicas.com\/wp-content\/uploads\/2024\/12\/63A0809-scaled.jpg 2560w, https:\/\/figurasmagicas.com\/wp-content\/uploads\/2024\/12\/63A0809-300x200.jpg 300w, https:\/\/figurasmagicas.com\/wp-content\/uploads\/2024\/12\/63A0809-1024x683.jpg 1024w, https:\/\/figurasmagicas.com\/wp-content\/uploads\/2024\/12\/63A0809-768x512.jpg 768w, https:\/\/figurasmagicas.com\/wp-content\/uploads\/2024\/12\/63A0809-1536x1024.jpg 1536w, https:\/\/figurasmagicas.com\/wp-content\/uploads\/2024\/12\/63A0809-2048x1365.jpg 2048w, https:\/\/figurasmagicas.com\/wp-content\/uploads\/2024\/12\/63A0809-1170x780.jpg 1170w\" sizes=\"(max-width: 2560px) 100vw, 2560px\" \/><\/div><\/div><div class=\"wp-block-getwid-images-stack__media-wrapper\"><div class=\"wp-block-getwid-images-stack__media-inner-wrapper\"><img loading=\"lazy\" decoding=\"async\" width=\"2560\" height=\"1707\" class=\"wp-block-getwid-images-stack__media wp-image-1351\" src=\"https:\/\/figurasmagicas.com\/wp-content\/uploads\/2024\/12\/63A0800-scaled.jpg\" data-id=\"1351\" data-link=\"https:\/\/figurasmagicas.com\/_63a0800\/\" srcset=\"https:\/\/figurasmagicas.com\/wp-content\/uploads\/2024\/12\/63A0800-scaled.jpg 2560w, https:\/\/figurasmagicas.com\/wp-content\/uploads\/2024\/12\/63A0800-300x200.jpg 300w, https:\/\/figurasmagicas.com\/wp-content\/uploads\/2024\/12\/63A0800-1024x683.jpg 1024w, https:\/\/figurasmagicas.com\/wp-content\/uploads\/2024\/12\/63A0800-768x512.jpg 768w, https:\/\/figurasmagicas.com\/wp-content\/uploads\/2024\/12\/63A0800-1536x1024.jpg 1536w, https:\/\/figurasmagicas.com\/wp-content\/uploads\/2024\/12\/63A0800-2048x1365.jpg 2048w, https:\/\/figurasmagicas.com\/wp-content\/uploads\/2024\/12\/63A0800-1170x780.jpg 1170w\" sizes=\"(max-width: 2560px) 100vw, 2560px\" \/><\/div><\/div><\/div><\/div><\/div>\n<\/div>\n<\/div>\n<\/div><\/div><\/div><\/div><\/div>\n\n\n\n<div class=\"wp-block-getwid-section alignfull alignfull getwid-margin-top-none getwid-margin-bottom-none\"><div class=\"wp-block-getwid-section__wrapper getwid-padding-top-none getwid-padding-bottom-normal getwid-padding-left-medium getwid-padding-right-medium getwid-padding-mobile-left-small getwid-padding-mobile-right-small\"><div class=\"wp-block-getwid-section__inner-wrapper\"><div class=\"wp-block-getwid-section__background-holder\"><div class=\"wp-block-getwid-section__background\"><\/div><div class=\"wp-block-getwid-section__foreground\"><\/div><\/div><div class=\"wp-block-getwid-section__content\"><div class=\"wp-block-getwid-section__inner-content\">\n<div class=\"wp-block-columns has-3-columns is-layout-flex wp-container-core-columns-is-layout-5 wp-block-columns-is-layout-flex\">\n<div class=\"wp-block-column is-layout-flow wp-block-column-is-layout-flow\">\n<div class=\"wp-block-getwid-icon-box has-text-center\"><div style=\"margin-bottom:0px\" class=\"wp-block-getwid-icon-box__icon-container is-position-top\"><div class=\"wp-block-getwid-icon-box__icon-wrapper has-text-color has-gold-color\" style=\"font-size:60px;padding:0px\"><i class=\"hotel-ico hotel-icon-21\"><\/i><\/div><\/div><div class=\"wp-block-getwid-icon-box__content\">\n<div class=\"wp-block-getwid-advanced-heading\" style=\"margin-bottom:20px\"><h4 class=\"wp-block-getwid-advanced-heading__content\">\u00c1reas WiFi<\/h4><\/div>\n\n\n\n<p>No nosso hotel, disponibilizamos Wi-Fi gratuito para que possa manter-se em contacto com os seus familiares e amigos enquanto relaxa.<\/p>\n<\/div><\/div>\n<\/div>\n<\/div>\n<\/div><\/div><\/div><\/div><\/div>\n","protected":false},"excerpt":{"rendered":"<p>O Alojamento Local Figuras M\u00e1gicas \u00e9 a escolha ideal para visitantes que procuram uma combina\u00e7\u00e3o de charme, paz, tranquilidade e uma localiza\u00e7\u00e3o conveniente para explorar os arredores.<\/p>\n","protected":false},"author":1,"featured_media":0,"parent":0,"menu_order":0,"comment_status":"closed","ping_status":"closed","template":"","meta":{"om_disable_all_campaigns":false,"inline_featured_image":false,"_monsterinsights_skip_tracking":false,"_monsterinsights_sitenote_active":false,"_monsterinsights_sitenote_note":"","_monsterinsights_sitenote_category":0,"footnotes":""},"class_list":["post-228","page","type-page","status-publish","hentry"],"aioseo_notices":[],"_links":{"self":[{"href":"https:\/\/figurasmagicas.com\/index.php\/wp-json\/wp\/v2\/pages\/228"}],"collection":[{"href":"https:\/\/figurasmagicas.com\/index.php\/wp-json\/wp\/v2\/pages"}],"about":[{"href":"https:\/\/figurasmagicas.com\/index.php\/wp-json\/wp\/v2\/types\/page"}],"author":[{"embeddable":true,"href":"https:\/\/figurasmagicas.com\/index.php\/wp-json\/wp\/v2\/users\/1"}],"replies":[{"embeddable":true,"href":"https:\/\/figurasmagicas.com\/index.php\/wp-json\/wp\/v2\/comments?post=228"}],"version-history":[{"count":14,"href":"https:\/\/figurasmagicas.com\/index.php\/wp-json\/wp\/v2\/pages\/228\/revisions"}],"predecessor-version":[{"id":2166,"href":"https:\/\/figurasmagicas.com\/index.php\/wp-json\/wp\/v2\/pages\/228\/revisions\/2166"}],"wp:attachment":[{"href":"https:\/\/figurasmagicas.com\/index.php\/wp-json\/wp\/v2\/media?parent=228"}],"curies":[{"name":"wp","href":"https:\/\/api.w.org\/{rel}","templated":true}]}}