{"id":1030,"date":"2019-06-11T09:53:36","date_gmt":"2019-06-11T09:53:36","guid":{"rendered":"https:\/\/themes.getmotopress.com\/luviana\/?page_id=17"},"modified":"2024-12-27T22:54:01","modified_gmt":"2024-12-27T22:54:01","slug":"restaurant","status":"publish","type":"page","link":"https:\/\/figurasmagicas.com\/index.php\/home\/restaurant\/","title":{"rendered":"Pequeno Almo\u00e7o"},"content":{"rendered":"\n<p>No nosso alojamento, poder\u00e1 desfrutar de um pequeno-almo\u00e7o requintado, delicioso e irresist\u00edvel, preparado especialmente para si pela nossa equipa. Cada desejo que tiver ser\u00e1 atendido, garantindo-lhe uma experi\u00eancia \u00fanica e marcada pelo mais elevado n\u00edvel de cuidado e dedica\u00e7\u00e3o.<\/p>\n\n\n\n<!--more-->\n\n\n\n<div class=\"wp-block-getwid-section alignfull alignfull has-inner-blocks-gap-none\"><div class=\"wp-block-getwid-section__wrapper getwid-padding-top-medium getwid-padding-bottom-none getwid-padding-left-medium getwid-padding-right-medium getwid-padding-mobile-left-small getwid-padding-mobile-right-small\"><div class=\"wp-block-getwid-section__inner-wrapper\"><div class=\"wp-block-getwid-section__background-holder\"><div class=\"wp-block-getwid-section__background\"><\/div><div class=\"wp-block-getwid-section__foreground\"><\/div><\/div><div class=\"wp-block-getwid-section__content\"><div class=\"wp-block-getwid-section__inner-content\">\n<div class=\"wp-block-getwid-image-box has-image-left has-text-left has-mobile-layout-column has-mobile-alignment-default\"><div style=\"margin-right:90px\" class=\"wp-block-getwid-image-box__image-container is-position-middle\"><div class=\"wp-block-getwid-image-box__image-wrapper\"><img loading=\"lazy\" decoding=\"async\" width=\"2560\" height=\"1707\" src=\"https:\/\/figurasmagicas.com\/wp-content\/uploads\/2024\/12\/63A0775-scaled.jpg\" alt=\"\" class=\"wp-block-getwid-image-box__image wp-image-1326\" srcset=\"https:\/\/figurasmagicas.com\/wp-content\/uploads\/2024\/12\/63A0775-scaled.jpg 2560w, https:\/\/figurasmagicas.com\/wp-content\/uploads\/2024\/12\/63A0775-300x200.jpg 300w, https:\/\/figurasmagicas.com\/wp-content\/uploads\/2024\/12\/63A0775-1024x683.jpg 1024w, https:\/\/figurasmagicas.com\/wp-content\/uploads\/2024\/12\/63A0775-768x512.jpg 768w, https:\/\/figurasmagicas.com\/wp-content\/uploads\/2024\/12\/63A0775-1536x1024.jpg 1536w, https:\/\/figurasmagicas.com\/wp-content\/uploads\/2024\/12\/63A0775-2048x1365.jpg 2048w, https:\/\/figurasmagicas.com\/wp-content\/uploads\/2024\/12\/63A0775-1170x780.jpg 1170w\" sizes=\"(max-width: 2560px) 100vw, 2560px\" \/><\/div><\/div><div class=\"wp-block-getwid-image-box__content\">\n<div class=\"wp-block-getwid-advanced-heading\" style=\"margin-bottom:30px\"><h2 class=\"wp-block-getwid-advanced-heading__content\">Pequeno Almo\u00e7o <br><\/h2><\/div>\n\n\n\n<p>A nossa sala de pequeno-almo\u00e7o buffet foi cuidadosamente concebida para oferecer um in\u00edcio de dia perfeito, combinando conforto, variedade e um ambiente acolhedor. Com uma decora\u00e7\u00e3o elegante e luminosa, o espa\u00e7o disp\u00f5e de mesas amplas e uma disposi\u00e7\u00e3o pensada para que os h\u00f3spedes possam desfrutar da sua refei\u00e7\u00e3o num ambiente tranquilo e convidativo.<\/p>\n\n\n\n<p>O buffet apresenta uma sele\u00e7\u00e3o diversificada de produtos frescos e de alta qualidade. Poder\u00e1 saborear uma variedade de p\u00e3es, croissants, cereais, frutas da \u00e9poca, sumos naturais e bebidas quentes, como caf\u00e9, ch\u00e1 e chocolate. Tamb\u00e9m disponibilizamos op\u00e7\u00f5es de charcutaria, queijos, iogurtes, compotas e pratos quentes, adequando-se aos mais variados gostos e prefer\u00eancias.<\/p>\n<\/div><\/div>\n\n\n\n<div class=\"wp-block-getwid-image-box has-image-right has-text-left has-mobile-layout-column has-mobile-alignment-default\"><div style=\"margin-left:90px\" class=\"wp-block-getwid-image-box__image-container is-position-middle\"><div class=\"wp-block-getwid-image-box__image-wrapper\"><img loading=\"lazy\" decoding=\"async\" width=\"2560\" height=\"1707\" src=\"https:\/\/figurasmagicas.com\/wp-content\/uploads\/2024\/12\/63A0782-scaled.jpg\" alt=\"\" class=\"wp-block-getwid-image-box__image wp-image-1333\" srcset=\"https:\/\/figurasmagicas.com\/wp-content\/uploads\/2024\/12\/63A0782-scaled.jpg 2560w, https:\/\/figurasmagicas.com\/wp-content\/uploads\/2024\/12\/63A0782-300x200.jpg 300w, https:\/\/figurasmagicas.com\/wp-content\/uploads\/2024\/12\/63A0782-1024x683.jpg 1024w, https:\/\/figurasmagicas.com\/wp-content\/uploads\/2024\/12\/63A0782-768x512.jpg 768w, https:\/\/figurasmagicas.com\/wp-content\/uploads\/2024\/12\/63A0782-1536x1024.jpg 1536w, https:\/\/figurasmagicas.com\/wp-content\/uploads\/2024\/12\/63A0782-2048x1365.jpg 2048w, https:\/\/figurasmagicas.com\/wp-content\/uploads\/2024\/12\/63A0782-1170x780.jpg 1170w\" sizes=\"(max-width: 2560px) 100vw, 2560px\" \/><\/div><\/div><div class=\"wp-block-getwid-image-box__content\">\n<p>Para maior conveni\u00eancia, a sala est\u00e1 equipada com \u00e1reas espec\u00edficas de self-service, permitindo que cada h\u00f3spede escolha os seus itens preferidos ao seu pr\u00f3prio ritmo. Quer opte por um pequeno-almo\u00e7o r\u00e1pido ou por um momento mais demorado e relaxado, o espa\u00e7o foi desenhado para proporcionar uma experi\u00eancia agrad\u00e1vel e revitalizante.<\/p>\n\n\n\n<p>Comece o seu dia connosco e desfrute de uma refei\u00e7\u00e3o que combina sabor, variedade e um servi\u00e7o acolhedor.<\/p>\n<\/div><\/div>\n<\/div><\/div><\/div><\/div><\/div>\n\n\n\n<figure class=\"wp-block-gallery has-nested-images columns-default is-cropped wp-block-gallery-1 is-layout-flex wp-block-gallery-is-layout-flex\">\n<figure class=\"wp-block-image size-large\"><img loading=\"lazy\" decoding=\"async\" width=\"1024\" height=\"683\" data-id=\"1334\" src=\"https:\/\/figurasmagicas.com\/wp-content\/uploads\/2024\/12\/63A0783-1024x683.jpg\" alt=\"\" class=\"wp-image-1334\" srcset=\"https:\/\/figurasmagicas.com\/wp-content\/uploads\/2024\/12\/63A0783-1024x683.jpg 1024w, https:\/\/figurasmagicas.com\/wp-content\/uploads\/2024\/12\/63A0783-300x200.jpg 300w, https:\/\/figurasmagicas.com\/wp-content\/uploads\/2024\/12\/63A0783-768x512.jpg 768w, https:\/\/figurasmagicas.com\/wp-content\/uploads\/2024\/12\/63A0783-1536x1024.jpg 1536w, https:\/\/figurasmagicas.com\/wp-content\/uploads\/2024\/12\/63A0783-2048x1365.jpg 2048w, https:\/\/figurasmagicas.com\/wp-content\/uploads\/2024\/12\/63A0783-1170x780.jpg 1170w\" sizes=\"(max-width: 1024px) 100vw, 1024px\" \/><\/figure>\n\n\n\n<figure class=\"wp-block-image size-large\"><img loading=\"lazy\" decoding=\"async\" width=\"768\" height=\"1024\" data-id=\"2150\" src=\"https:\/\/figurasmagicas.com\/wp-content\/uploads\/2024\/12\/WhatsApp-Image-2024-12-27-at-22.47.16-1-768x1024.jpeg\" alt=\"\" class=\"wp-image-2150\" srcset=\"https:\/\/figurasmagicas.com\/wp-content\/uploads\/2024\/12\/WhatsApp-Image-2024-12-27-at-22.47.16-1-768x1024.jpeg 768w, https:\/\/figurasmagicas.com\/wp-content\/uploads\/2024\/12\/WhatsApp-Image-2024-12-27-at-22.47.16-1-225x300.jpeg 225w, https:\/\/figurasmagicas.com\/wp-content\/uploads\/2024\/12\/WhatsApp-Image-2024-12-27-at-22.47.16-1-1152x1536.jpeg 1152w, https:\/\/figurasmagicas.com\/wp-content\/uploads\/2024\/12\/WhatsApp-Image-2024-12-27-at-22.47.16-1-1170x1560.jpeg 1170w, https:\/\/figurasmagicas.com\/wp-content\/uploads\/2024\/12\/WhatsApp-Image-2024-12-27-at-22.47.16-1.jpeg 1200w\" sizes=\"(max-width: 768px) 100vw, 768px\" \/><\/figure>\n\n\n\n<figure class=\"wp-block-image size-large\"><img loading=\"lazy\" decoding=\"async\" width=\"768\" height=\"1024\" data-id=\"2151\" src=\"https:\/\/figurasmagicas.com\/wp-content\/uploads\/2024\/12\/WhatsApp-Image-2024-12-27-at-22.47.32-768x1024.jpeg\" alt=\"\" class=\"wp-image-2151\" srcset=\"https:\/\/figurasmagicas.com\/wp-content\/uploads\/2024\/12\/WhatsApp-Image-2024-12-27-at-22.47.32-768x1024.jpeg 768w, https:\/\/figurasmagicas.com\/wp-content\/uploads\/2024\/12\/WhatsApp-Image-2024-12-27-at-22.47.32-225x300.jpeg 225w, https:\/\/figurasmagicas.com\/wp-content\/uploads\/2024\/12\/WhatsApp-Image-2024-12-27-at-22.47.32-1152x1536.jpeg 1152w, https:\/\/figurasmagicas.com\/wp-content\/uploads\/2024\/12\/WhatsApp-Image-2024-12-27-at-22.47.32-1170x1560.jpeg 1170w, https:\/\/figurasmagicas.com\/wp-content\/uploads\/2024\/12\/WhatsApp-Image-2024-12-27-at-22.47.32.jpeg 1200w\" sizes=\"(max-width: 768px) 100vw, 768px\" \/><\/figure>\n<\/figure>\n","protected":false},"excerpt":{"rendered":"<p>Delicie o seu paladar com o nosso pequeno almo\u00e7o no alojamento Figuras M\u00e1gicas.<\/p>\n","protected":false},"author":1,"featured_media":1326,"parent":1028,"menu_order":0,"comment_status":"closed","ping_status":"closed","template":"","meta":{"om_disable_all_campaigns":false,"inline_featured_image":false,"_monsterinsights_skip_tracking":false,"_monsterinsights_sitenote_active":false,"_monsterinsights_sitenote_note":"","_monsterinsights_sitenote_category":0,"footnotes":""},"class_list":["post-1030","page","type-page","status-publish","has-post-thumbnail","hentry"],"aioseo_notices":[],"_links":{"self":[{"href":"https:\/\/figurasmagicas.com\/index.php\/wp-json\/wp\/v2\/pages\/1030"}],"collection":[{"href":"https:\/\/figurasmagicas.com\/index.php\/wp-json\/wp\/v2\/pages"}],"about":[{"href":"https:\/\/figurasmagicas.com\/index.php\/wp-json\/wp\/v2\/types\/page"}],"author":[{"embeddable":true,"href":"https:\/\/figurasmagicas.com\/index.php\/wp-json\/wp\/v2\/users\/1"}],"replies":[{"embeddable":true,"href":"https:\/\/figurasmagicas.com\/index.php\/wp-json\/wp\/v2\/comments?post=1030"}],"version-history":[{"count":8,"href":"https:\/\/figurasmagicas.com\/index.php\/wp-json\/wp\/v2\/pages\/1030\/revisions"}],"predecessor-version":[{"id":2152,"href":"https:\/\/figurasmagicas.com\/index.php\/wp-json\/wp\/v2\/pages\/1030\/revisions\/2152"}],"up":[{"embeddable":true,"href":"https:\/\/figurasmagicas.com\/index.php\/wp-json\/wp\/v2\/pages\/1028"}],"wp:featuredmedia":[{"embeddable":true,"href":"https:\/\/figurasmagicas.com\/index.php\/wp-json\/wp\/v2\/media\/1326"}],"wp:attachment":[{"href":"https:\/\/figurasmagicas.com\/index.php\/wp-json\/wp\/v2\/media?parent=1030"}],"curies":[{"name":"wp","href":"https:\/\/api.w.org\/{rel}","templated":true}]}}