{"id":1029,"date":"2019-06-11T09:50:44","date_gmt":"2019-06-11T09:50:44","guid":{"rendered":"https:\/\/themes.getmotopress.com\/luviana\/?page_id=13"},"modified":"2024-12-27T22:45:59","modified_gmt":"2024-12-27T22:45:59","slug":"figurasmagicas","status":"publish","type":"page","link":"https:\/\/figurasmagicas.com\/index.php\/home\/figurasmagicas\/","title":{"rendered":"Figuras M\u00e1gicas"},"content":{"rendered":"\n<p>Bem-vindo ao nosso Alojamento Local em Trancoso <\/p>\n\n\n\n<!--more-->\n\n\n\n<div class=\"wp-block-getwid-section alignfull alignfull getwid-margin-top-none getwid-margin-bottom-none\"><div class=\"wp-block-getwid-section__wrapper getwid-padding-top-medium getwid-padding-bottom-none getwid-padding-left-medium getwid-padding-right-medium getwid-padding-mobile-left-small getwid-padding-mobile-right-small\"><div class=\"wp-block-getwid-section__inner-wrapper\"><div class=\"wp-block-getwid-section__background-holder\"><div class=\"wp-block-getwid-section__background\"><\/div><div class=\"wp-block-getwid-section__foreground\"><\/div><\/div><div class=\"wp-block-getwid-section__content\"><div class=\"wp-block-getwid-section__inner-content\">\n<div class=\"wp-block-columns has-2-columns is-layout-flex wp-container-core-columns-is-layout-1 wp-block-columns-is-layout-flex\">\n<div class=\"wp-block-column is-layout-flow wp-block-column-is-layout-flow\">\n<div class=\"wp-block-getwid-advanced-heading is-style-style-1 has-custom-font-size\" style=\"font-size:12px;margin-bottom:20px\"><p class=\"wp-block-getwid-advanced-heading__content\" style=\"letter-spacing:1px\">ELEVAR O CONFORTO AO MAIS ALTO N\u00cdVEL<\/p><\/div>\n\n\n\n<div class=\"wp-block-getwid-advanced-heading is-style-default\"><h2 class=\"wp-block-getwid-advanced-heading__content\" style=\"text-align:center\">Bem vindo ao alojamento local <br>Figuras M\u00e1gicas<\/h2><\/div>\n\n\n\n<figure class=\"wp-block-image size-large is-resized\"><img loading=\"lazy\" decoding=\"async\" width=\"1024\" height=\"683\" src=\"https:\/\/figurasmagicas.com\/wp-content\/uploads\/2024\/12\/63A0787-1024x683.jpg\" alt=\"\" class=\"wp-image-1338\" style=\"width:569px;height:auto\" srcset=\"https:\/\/figurasmagicas.com\/wp-content\/uploads\/2024\/12\/63A0787-1024x683.jpg 1024w, https:\/\/figurasmagicas.com\/wp-content\/uploads\/2024\/12\/63A0787-300x200.jpg 300w, https:\/\/figurasmagicas.com\/wp-content\/uploads\/2024\/12\/63A0787-768x512.jpg 768w, https:\/\/figurasmagicas.com\/wp-content\/uploads\/2024\/12\/63A0787-1536x1024.jpg 1536w, https:\/\/figurasmagicas.com\/wp-content\/uploads\/2024\/12\/63A0787-2048x1365.jpg 2048w, https:\/\/figurasmagicas.com\/wp-content\/uploads\/2024\/12\/63A0787-1170x780.jpg 1170w\" sizes=\"(max-width: 1024px) 100vw, 1024px\" \/><\/figure>\n\n\n\n<figure class=\"wp-block-image size-large is-resized\"><img loading=\"lazy\" decoding=\"async\" width=\"1536\" height=\"1152\" src=\"https:\/\/figurasmagicas.com\/wp-content\/uploads\/2024\/12\/WhatsApp-Image-2024-12-23-at-18.40.08-edited.jpeg\" alt=\"\" class=\"wp-image-2007\" style=\"width:569px;height:auto\" srcset=\"https:\/\/figurasmagicas.com\/wp-content\/uploads\/2024\/12\/WhatsApp-Image-2024-12-23-at-18.40.08-edited.jpeg 1536w, https:\/\/figurasmagicas.com\/wp-content\/uploads\/2024\/12\/WhatsApp-Image-2024-12-23-at-18.40.08-edited-300x225.jpeg 300w, https:\/\/figurasmagicas.com\/wp-content\/uploads\/2024\/12\/WhatsApp-Image-2024-12-23-at-18.40.08-edited-1024x768.jpeg 1024w, https:\/\/figurasmagicas.com\/wp-content\/uploads\/2024\/12\/WhatsApp-Image-2024-12-23-at-18.40.08-edited-768x576.jpeg 768w, https:\/\/figurasmagicas.com\/wp-content\/uploads\/2024\/12\/WhatsApp-Image-2024-12-23-at-18.40.08-edited-1170x878.jpeg 1170w\" sizes=\"(max-width: 1536px) 100vw, 1536px\" \/><\/figure>\n\n\n\n<figure class=\"wp-block-image size-large\"><img loading=\"lazy\" decoding=\"async\" width=\"768\" height=\"1024\" src=\"https:\/\/figurasmagicas.com\/wp-content\/uploads\/2024\/12\/WhatsApp-Image-2024-12-23-at-18.42.24-768x1024.jpeg\" alt=\"\" class=\"wp-image-1935\" srcset=\"https:\/\/figurasmagicas.com\/wp-content\/uploads\/2024\/12\/WhatsApp-Image-2024-12-23-at-18.42.24-768x1024.jpeg 768w, https:\/\/figurasmagicas.com\/wp-content\/uploads\/2024\/12\/WhatsApp-Image-2024-12-23-at-18.42.24-225x300.jpeg 225w, https:\/\/figurasmagicas.com\/wp-content\/uploads\/2024\/12\/WhatsApp-Image-2024-12-23-at-18.42.24-1152x1536.jpeg 1152w, https:\/\/figurasmagicas.com\/wp-content\/uploads\/2024\/12\/WhatsApp-Image-2024-12-23-at-18.42.24-1170x1560.jpeg 1170w, https:\/\/figurasmagicas.com\/wp-content\/uploads\/2024\/12\/WhatsApp-Image-2024-12-23-at-18.42.24.jpeg 1536w\" sizes=\"(max-width: 768px) 100vw, 768px\" \/><\/figure>\n<\/div>\n\n\n\n<div class=\"wp-block-column is-layout-flow wp-block-column-is-layout-flow\">\n<p><\/p>\n\n\n\n<p><\/p>\n\n\n\n<p><\/p>\n\n\n\n<p class=\"has-text-align-left\">Localizado no cora\u00e7\u00e3o de uma das vilas medievais mais encantadoras do pa\u00eds, o nosso espa\u00e7o oferece o ref\u00fagio perfeito para quem procura tranquilidade, hist\u00f3ria e conforto. Situado a poucos metros do imponente Castelo de Trancoso e das suas maravilhosas muralhas , as ruas de pedra cheias de hist\u00f3ria e tradi\u00e7\u00e3o, aqui encontrar\u00e1 a combina\u00e7\u00e3o ideal entre o charme r\u00fastico e as comodidades modernas.<\/p>\n\n\n\n<p>Quer esteja \u00e0 procura de uma escapadela rom\u00e2ntica, umas f\u00e9rias em fam\u00edlia ou apenas de uma pausa na rotina, o nosso alojamento proporciona a base ideal para explorar a beleza natural e cultural da regi\u00e3o.<\/p>\n\n\n\n<p>Sinta-se em casa em Trancoso!<\/p>\n\n\n\n<p><\/p>\n\n\n\n<figure class=\"wp-block-image size-large\"><img loading=\"lazy\" decoding=\"async\" width=\"1024\" height=\"683\" src=\"https:\/\/figurasmagicas.com\/wp-content\/uploads\/2024\/12\/63A0963-1024x683.jpg\" alt=\"\" class=\"wp-image-1647\" srcset=\"https:\/\/figurasmagicas.com\/wp-content\/uploads\/2024\/12\/63A0963-1024x683.jpg 1024w, https:\/\/figurasmagicas.com\/wp-content\/uploads\/2024\/12\/63A0963-300x200.jpg 300w, https:\/\/figurasmagicas.com\/wp-content\/uploads\/2024\/12\/63A0963-768x512.jpg 768w, https:\/\/figurasmagicas.com\/wp-content\/uploads\/2024\/12\/63A0963-1536x1024.jpg 1536w, https:\/\/figurasmagicas.com\/wp-content\/uploads\/2024\/12\/63A0963-2048x1365.jpg 2048w, https:\/\/figurasmagicas.com\/wp-content\/uploads\/2024\/12\/63A0963-1170x780.jpg 1170w\" sizes=\"(max-width: 1024px) 100vw, 1024px\" \/><\/figure>\n\n\n\n<figure class=\"wp-block-image size-large\"><img loading=\"lazy\" decoding=\"async\" width=\"1024\" height=\"683\" src=\"https:\/\/figurasmagicas.com\/wp-content\/uploads\/2024\/12\/63A0985-1024x683.jpg\" alt=\"\" class=\"wp-image-1671\" srcset=\"https:\/\/figurasmagicas.com\/wp-content\/uploads\/2024\/12\/63A0985-1024x683.jpg 1024w, https:\/\/figurasmagicas.com\/wp-content\/uploads\/2024\/12\/63A0985-300x200.jpg 300w, https:\/\/figurasmagicas.com\/wp-content\/uploads\/2024\/12\/63A0985-768x512.jpg 768w, https:\/\/figurasmagicas.com\/wp-content\/uploads\/2024\/12\/63A0985-1536x1024.jpg 1536w, https:\/\/figurasmagicas.com\/wp-content\/uploads\/2024\/12\/63A0985-2048x1365.jpg 2048w, https:\/\/figurasmagicas.com\/wp-content\/uploads\/2024\/12\/63A0985-1170x780.jpg 1170w\" sizes=\"(max-width: 1024px) 100vw, 1024px\" \/><\/figure>\n<\/div>\n<\/div>\n<\/div><\/div><\/div><\/div><\/div>\n\n\n\n<p><\/p>\n","protected":false},"excerpt":{"rendered":"<p>Venha descobrir o nosso acolhedor e incr\u00edvel Alojamento Local, onde cada detalhe foi pensado para proporcionar conforto, qualidade e uma experi\u00eancia memor\u00e1vel. <\/p>\n","protected":false},"author":1,"featured_media":1370,"parent":1028,"menu_order":0,"comment_status":"closed","ping_status":"closed","template":"","meta":{"om_disable_all_campaigns":false,"inline_featured_image":false,"_monsterinsights_skip_tracking":false,"_monsterinsights_sitenote_active":false,"_monsterinsights_sitenote_note":"","_monsterinsights_sitenote_category":0,"footnotes":""},"class_list":["post-1029","page","type-page","status-publish","has-post-thumbnail","hentry"],"aioseo_notices":[],"_links":{"self":[{"href":"https:\/\/figurasmagicas.com\/index.php\/wp-json\/wp\/v2\/pages\/1029"}],"collection":[{"href":"https:\/\/figurasmagicas.com\/index.php\/wp-json\/wp\/v2\/pages"}],"about":[{"href":"https:\/\/figurasmagicas.com\/index.php\/wp-json\/wp\/v2\/types\/page"}],"author":[{"embeddable":true,"href":"https:\/\/figurasmagicas.com\/index.php\/wp-json\/wp\/v2\/users\/1"}],"replies":[{"embeddable":true,"href":"https:\/\/figurasmagicas.com\/index.php\/wp-json\/wp\/v2\/comments?post=1029"}],"version-history":[{"count":28,"href":"https:\/\/figurasmagicas.com\/index.php\/wp-json\/wp\/v2\/pages\/1029\/revisions"}],"predecessor-version":[{"id":2147,"href":"https:\/\/figurasmagicas.com\/index.php\/wp-json\/wp\/v2\/pages\/1029\/revisions\/2147"}],"up":[{"embeddable":true,"href":"https:\/\/figurasmagicas.com\/index.php\/wp-json\/wp\/v2\/pages\/1028"}],"wp:featuredmedia":[{"embeddable":true,"href":"https:\/\/figurasmagicas.com\/index.php\/wp-json\/wp\/v2\/media\/1370"}],"wp:attachment":[{"href":"https:\/\/figurasmagicas.com\/index.php\/wp-json\/wp\/v2\/media?parent=1029"}],"curies":[{"name":"wp","href":"https:\/\/api.w.org\/{rel}","templated":true}]}}